{"id":2412,"date":"2024-05-15T11:48:24","date_gmt":"2024-05-15T14:48:24","guid":{"rendered":"https:\/\/www.portalbr.us\/?page_id=2412"},"modified":"2024-10-11T15:18:53","modified_gmt":"2024-10-11T18:18:53","slug":"historical-facts","status":"publish","type":"page","link":"https:\/\/www.portalbr.us\/en\/fatos-historicos\/","title":{"rendered":"Historical facts"},"content":{"rendered":"\t\t<div data-elementor-type=\"wp-page\" data-elementor-id=\"2412\" class=\"elementor elementor-2412\" data-elementor-post-type=\"page\">\n\t\t\t\t<div class=\"elementor-element elementor-element-b69308f e-flex e-con-boxed e-con e-parent\" data-id=\"b69308f\" data-element_type=\"container\" data-e-type=\"container\">\n\t\t\t\t\t<div class=\"e-con-inner\">\n\t\t\t\t<div class=\"elementor-element elementor-element-f6c2e0e elementor-widget elementor-widget-heading\" data-id=\"f6c2e0e\" data-element_type=\"widget\" data-e-type=\"widget\" data-widget_type=\"heading.default\">\n\t\t\t\t<div class=\"elementor-widget-container\">\n\t\t\t\t\t<h1 class=\"elementor-heading-title elementor-size-default\">Fatos hist\u00f3ricos<\/h1>\t\t\t\t<\/div>\n\t\t\t\t<\/div>\n\t\t\t\t<div class=\"elementor-element elementor-element-9ab11bd elementor-widget elementor-widget-text-editor\" data-id=\"9ab11bd\" data-element_type=\"widget\" data-e-type=\"widget\" data-widget_type=\"text-editor.default\">\n\t\t\t\t<div class=\"elementor-widget-container\">\n\t\t\t\t\t\t\t\t\t<p>A exposi\u00e7\u00e3o e o cat\u00e1logo <strong>&#8220;Encontros: Duzentos Anos de Amizade&#8221;<\/strong> marcam a celebra\u00e7\u00e3o do bicenten\u00e1rio das rela\u00e7\u00f5es diplom\u00e1ticas entre o Brasil e os Estados Unidos, um projeto desenvolvido em parceria entre <strong>o Itamaraty<\/strong>, <strong>a Amcham Brasil &#8211; C\u00e2mara Americana de Com\u00e9rcio no Brasil e a <\/strong><strong>FAAP &#8211; Funda\u00e7\u00e3o Armando Alvares Penteado<\/strong>.\u00a0\u00a0<\/p><p>Navegue abaixo no cat\u00e1logo da exposi\u00e7\u00e3o, que oferece uma vis\u00e3o detalhada do desenvolvimento e fortalecimento dos la\u00e7os bilaterais entre as duas na\u00e7\u00f5es, destacando especialmente as trocas culturais, educacionais, cient\u00edficas e tecnol\u00f3gicas ao longo dos dois s\u00e9culos de rela\u00e7\u00e3o BR-US.<\/p>\t\t\t\t\t\t\t\t<\/div>\n\t\t\t\t<\/div>\n\t\t\t\t\t<\/div>\n\t\t\t\t<\/div>\n\t\t<div class=\"elementor-element elementor-element-e46d3a6 e-con-full e-flex e-con e-parent\" data-id=\"e46d3a6\" data-element_type=\"container\" data-e-type=\"container\">\n\t\t\t\t<div class=\"elementor-element elementor-element-541b2c7 elementor-widget elementor-widget-shortcode\" data-id=\"541b2c7\" data-element_type=\"widget\" data-e-type=\"widget\" data-widget_type=\"shortcode.default\">\n\t\t\t\t<div class=\"elementor-widget-container\">\n\t\t\t\t\t\t\t<div class=\"elementor-shortcode\"><div class=\"_df_book df-lite\" id=\"df_2249\"  _slug=\"numbers\" data-title=\"fatos-historicos\" wpoptions=\"true\" thumb=\"https:\/\/www.portalbr.us\/wp-content\/uploads\/2024\/05\/Prancheta-0.jpg\" thumbtype=\"\" ><\/div><script class=\"df-shortcode-script\" nowprocket type=\"application\/javascript\">window.option_df_2249 = {\"outline\":[],\"backgroundColor\":\"#001a3e\",\"autoEnableOutline\":\"false\",\"autoEnableThumbnail\":\"false\",\"overwritePDFOutline\":\"false\",\"direction\":\"1\",\"pageSize\":\"0\",\"controlsPosition\":\"bottom\",\"soundEnable\":\"false\",\"source\":[\"https:\\\/\\\/www.portalbr.us\\\/wp-content\\\/uploads\\\/2024\\\/05\\\/Prancheta-0.jpg\",\"https:\\\/\\\/www.portalbr.us\\\/wp-content\\\/uploads\\\/2024\\\/05\\\/Prancheta-1.jpg\",\"https:\\\/\\\/www.portalbr.us\\\/wp-content\\\/uploads\\\/2024\\\/05\\\/Prancheta-2.jpg\",\"https:\\\/\\\/www.portalbr.us\\\/wp-content\\\/uploads\\\/2024\\\/05\\\/Prancheta-3.jpg\",\"https:\\\/\\\/www.portalbr.us\\\/wp-content\\\/uploads\\\/2024\\\/05\\\/Prancheta-4.jpg\",\"https:\\\/\\\/www.portalbr.us\\\/wp-content\\\/uploads\\\/2024\\\/05\\\/Prancheta-5.jpg\",\"https:\\\/\\\/www.portalbr.us\\\/wp-content\\\/uploads\\\/2024\\\/05\\\/Prancheta-6.jpg\",\"https:\\\/\\\/www.portalbr.us\\\/wp-content\\\/uploads\\\/2024\\\/05\\\/Prancheta-7.jpg\",\"https:\\\/\\\/www.portalbr.us\\\/wp-content\\\/uploads\\\/2024\\\/05\\\/Prancheta-8.jpg\",\"https:\\\/\\\/www.portalbr.us\\\/wp-content\\\/uploads\\\/2024\\\/05\\\/Prancheta-9.jpg\",\"https:\\\/\\\/www.portalbr.us\\\/wp-content\\\/uploads\\\/2024\\\/05\\\/Prancheta-10.jpg\",\"https:\\\/\\\/www.portalbr.us\\\/wp-content\\\/uploads\\\/2024\\\/05\\\/Prancheta-11.jpg\",\"https:\\\/\\\/www.portalbr.us\\\/wp-content\\\/uploads\\\/2024\\\/05\\\/Prancheta-12.jpg\",\"https:\\\/\\\/www.portalbr.us\\\/wp-content\\\/uploads\\\/2024\\\/05\\\/Prancheta-13.jpg\",\"https:\\\/\\\/www.portalbr.us\\\/wp-content\\\/uploads\\\/2024\\\/05\\\/Prancheta-14.jpg\",\"https:\\\/\\\/www.portalbr.us\\\/wp-content\\\/uploads\\\/2024\\\/05\\\/Prancheta-15.jpg\",\"https:\\\/\\\/www.portalbr.us\\\/wp-content\\\/uploads\\\/2024\\\/05\\\/Prancheta-16.jpg\",\"https:\\\/\\\/www.portalbr.us\\\/wp-content\\\/uploads\\\/2024\\\/05\\\/Prancheta-17.jpg\",\"https:\\\/\\\/www.portalbr.us\\\/wp-content\\\/uploads\\\/2024\\\/05\\\/Prancheta-18.jpg\",\"https:\\\/\\\/www.portalbr.us\\\/wp-content\\\/uploads\\\/2024\\\/05\\\/Prancheta-19.jpg\",\"https:\\\/\\\/www.portalbr.us\\\/wp-content\\\/uploads\\\/2024\\\/05\\\/Prancheta-20.jpg\",\"https:\\\/\\\/www.portalbr.us\\\/wp-content\\\/uploads\\\/2024\\\/05\\\/Prancheta-21.jpg\",\"https:\\\/\\\/www.portalbr.us\\\/wp-content\\\/uploads\\\/2024\\\/05\\\/Prancheta-22.jpg\",\"https:\\\/\\\/www.portalbr.us\\\/wp-content\\\/uploads\\\/2024\\\/05\\\/Prancheta-23.jpg\",\"https:\\\/\\\/www.portalbr.us\\\/wp-content\\\/uploads\\\/2024\\\/05\\\/Prancheta-24.jpg\",\"https:\\\/\\\/www.portalbr.us\\\/wp-content\\\/uploads\\\/2024\\\/05\\\/Prancheta-25.jpg\",\"https:\\\/\\\/www.portalbr.us\\\/wp-content\\\/uploads\\\/2024\\\/05\\\/Prancheta-26.jpg\",\"https:\\\/\\\/www.portalbr.us\\\/wp-content\\\/uploads\\\/2024\\\/05\\\/Prancheta-27.jpg\",\"https:\\\/\\\/www.portalbr.us\\\/wp-content\\\/uploads\\\/2024\\\/05\\\/Prancheta-28.jpg\",\"https:\\\/\\\/www.portalbr.us\\\/wp-content\\\/uploads\\\/2024\\\/05\\\/Prancheta-29.jpg\",\"https:\\\/\\\/www.portalbr.us\\\/wp-content\\\/uploads\\\/2024\\\/05\\\/Prancheta-30.jpg\",\"https:\\\/\\\/www.portalbr.us\\\/wp-content\\\/uploads\\\/2024\\\/05\\\/Prancheta-31.jpg\",\"https:\\\/\\\/www.portalbr.us\\\/wp-content\\\/uploads\\\/2024\\\/05\\\/Prancheta-32.jpg\",\"https:\\\/\\\/www.portalbr.us\\\/wp-content\\\/uploads\\\/2024\\\/05\\\/Prancheta-33.jpg\",\"https:\\\/\\\/www.portalbr.us\\\/wp-content\\\/uploads\\\/2024\\\/05\\\/Prancheta-34.jpg\",\"https:\\\/\\\/www.portalbr.us\\\/wp-content\\\/uploads\\\/2024\\\/05\\\/Prancheta-35.jpg\",\"https:\\\/\\\/www.portalbr.us\\\/wp-content\\\/uploads\\\/2024\\\/05\\\/Prancheta-36.jpg\",\"https:\\\/\\\/www.portalbr.us\\\/wp-content\\\/uploads\\\/2024\\\/05\\\/Prancheta-37.jpg\",\"https:\\\/\\\/www.portalbr.us\\\/wp-content\\\/uploads\\\/2024\\\/05\\\/Prancheta-38.jpg\",\"https:\\\/\\\/www.portalbr.us\\\/wp-content\\\/uploads\\\/2024\\\/05\\\/Prancheta-39.jpg\",\"https:\\\/\\\/www.portalbr.us\\\/wp-content\\\/uploads\\\/2024\\\/05\\\/Prancheta-40.jpg\",\"https:\\\/\\\/www.portalbr.us\\\/wp-content\\\/uploads\\\/2024\\\/05\\\/Prancheta-41.jpg\",\"https:\\\/\\\/www.portalbr.us\\\/wp-content\\\/uploads\\\/2024\\\/05\\\/Prancheta-42.jpg\",\"https:\\\/\\\/www.portalbr.us\\\/wp-content\\\/uploads\\\/2024\\\/05\\\/Prancheta-43.jpg\",\"https:\\\/\\\/www.portalbr.us\\\/wp-content\\\/uploads\\\/2024\\\/05\\\/Prancheta-44.jpg\",\"https:\\\/\\\/www.portalbr.us\\\/wp-content\\\/uploads\\\/2024\\\/05\\\/Prancheta-45.jpg\",\"https:\\\/\\\/www.portalbr.us\\\/wp-content\\\/uploads\\\/2024\\\/05\\\/Prancheta-46.jpg\",\"https:\\\/\\\/www.portalbr.us\\\/wp-content\\\/uploads\\\/2024\\\/05\\\/Prancheta-47.jpg\",\"https:\\\/\\\/www.portalbr.us\\\/wp-content\\\/uploads\\\/2024\\\/05\\\/Prancheta-48.jpg\",\"https:\\\/\\\/www.portalbr.us\\\/wp-content\\\/uploads\\\/2024\\\/05\\\/Prancheta-49.jpg\",\"https:\\\/\\\/www.portalbr.us\\\/wp-content\\\/uploads\\\/2024\\\/05\\\/Prancheta-51.jpg\",\"https:\\\/\\\/www.portalbr.us\\\/wp-content\\\/uploads\\\/2024\\\/05\\\/Prancheta-52.jpg\",\"https:\\\/\\\/www.portalbr.us\\\/wp-content\\\/uploads\\\/2024\\\/05\\\/Prancheta-53.jpg\",\"https:\\\/\\\/www.portalbr.us\\\/wp-content\\\/uploads\\\/2024\\\/05\\\/Prancheta-54.jpg\",\"https:\\\/\\\/www.portalbr.us\\\/wp-content\\\/uploads\\\/2024\\\/05\\\/Prancheta-55.jpg\",\"https:\\\/\\\/www.portalbr.us\\\/wp-content\\\/uploads\\\/2024\\\/05\\\/Prancheta-56.jpg\",\"https:\\\/\\\/www.portalbr.us\\\/wp-content\\\/uploads\\\/2024\\\/05\\\/Prancheta-57.jpg\",\"https:\\\/\\\/www.portalbr.us\\\/wp-content\\\/uploads\\\/2024\\\/05\\\/Prancheta-58.jpg\",\"https:\\\/\\\/www.portalbr.us\\\/wp-content\\\/uploads\\\/2024\\\/05\\\/Prancheta-59.jpg\",\"https:\\\/\\\/www.portalbr.us\\\/wp-content\\\/uploads\\\/2024\\\/05\\\/Prancheta-60.jpg\",\"https:\\\/\\\/www.portalbr.us\\\/wp-content\\\/uploads\\\/2024\\\/05\\\/Prancheta-61.jpg\",\"https:\\\/\\\/www.portalbr.us\\\/wp-content\\\/uploads\\\/2024\\\/05\\\/Prancheta-62.jpg\",\"https:\\\/\\\/www.portalbr.us\\\/wp-content\\\/uploads\\\/2024\\\/05\\\/Prancheta-63.jpg\",\"https:\\\/\\\/www.portalbr.us\\\/wp-content\\\/uploads\\\/2024\\\/05\\\/Prancheta-65.jpg\",\"https:\\\/\\\/www.portalbr.us\\\/wp-content\\\/uploads\\\/2024\\\/05\\\/Prancheta-66.jpg\",\"https:\\\/\\\/www.portalbr.us\\\/wp-content\\\/uploads\\\/2024\\\/05\\\/Prancheta-67.jpg\",\"https:\\\/\\\/www.portalbr.us\\\/wp-content\\\/uploads\\\/2024\\\/05\\\/Prancheta-67_1.jpg\",\"https:\\\/\\\/www.portalbr.us\\\/wp-content\\\/uploads\\\/2024\\\/05\\\/Prancheta-68.jpg\",\"https:\\\/\\\/www.portalbr.us\\\/wp-content\\\/uploads\\\/2024\\\/05\\\/Prancheta-69.jpg\",\"https:\\\/\\\/www.portalbr.us\\\/wp-content\\\/uploads\\\/2024\\\/05\\\/Prancheta-70.jpg\",\"https:\\\/\\\/www.portalbr.us\\\/wp-content\\\/uploads\\\/2024\\\/05\\\/Prancheta-71.jpg\",\"https:\\\/\\\/www.portalbr.us\\\/wp-content\\\/uploads\\\/2024\\\/05\\\/Prancheta-72.jpg\",\"https:\\\/\\\/www.portalbr.us\\\/wp-content\\\/uploads\\\/2024\\\/05\\\/Prancheta-73.jpg\",\"https:\\\/\\\/www.portalbr.us\\\/wp-content\\\/uploads\\\/2024\\\/05\\\/Prancheta-74.jpg\",\"https:\\\/\\\/www.portalbr.us\\\/wp-content\\\/uploads\\\/2024\\\/05\\\/Prancheta-75.jpg\",\"https:\\\/\\\/www.portalbr.us\\\/wp-content\\\/uploads\\\/2024\\\/05\\\/Prancheta-76.jpg\",\"https:\\\/\\\/www.portalbr.us\\\/wp-content\\\/uploads\\\/2024\\\/05\\\/Prancheta-77.jpg\",\"https:\\\/\\\/www.portalbr.us\\\/wp-content\\\/uploads\\\/2024\\\/05\\\/Prancheta-78.jpg\",\"https:\\\/\\\/www.portalbr.us\\\/wp-content\\\/uploads\\\/2024\\\/05\\\/Prancheta-79.jpg\",\"https:\\\/\\\/www.portalbr.us\\\/wp-content\\\/uploads\\\/2024\\\/05\\\/Prancheta-80.jpg\",\"https:\\\/\\\/www.portalbr.us\\\/wp-content\\\/uploads\\\/2024\\\/05\\\/Prancheta-81.jpg\",\"https:\\\/\\\/www.portalbr.us\\\/wp-content\\\/uploads\\\/2024\\\/05\\\/Prancheta-82.jpg\",\"https:\\\/\\\/www.portalbr.us\\\/wp-content\\\/uploads\\\/2024\\\/05\\\/Prancheta-83.jpg\",\"https:\\\/\\\/www.portalbr.us\\\/wp-content\\\/uploads\\\/2024\\\/05\\\/Prancheta-84.jpg\",\"https:\\\/\\\/www.portalbr.us\\\/wp-content\\\/uploads\\\/2024\\\/05\\\/Prancheta-85.jpg\",\"https:\\\/\\\/www.portalbr.us\\\/wp-content\\\/uploads\\\/2024\\\/05\\\/Prancheta-86.jpg\",\"https:\\\/\\\/www.portalbr.us\\\/wp-content\\\/uploads\\\/2024\\\/05\\\/Prancheta-87.jpg\",\"https:\\\/\\\/www.portalbr.us\\\/wp-content\\\/uploads\\\/2024\\\/05\\\/Prancheta-88.jpg\",\"https:\\\/\\\/www.portalbr.us\\\/wp-content\\\/uploads\\\/2024\\\/05\\\/Prancheta-89.jpg\",\"https:\\\/\\\/www.portalbr.us\\\/wp-content\\\/uploads\\\/2024\\\/05\\\/Prancheta-90.jpg\",\"https:\\\/\\\/www.portalbr.us\\\/wp-content\\\/uploads\\\/2024\\\/05\\\/Prancheta-91.jpg\",\"https:\\\/\\\/www.portalbr.us\\\/wp-content\\\/uploads\\\/2024\\\/05\\\/Prancheta-92.jpg\",\"https:\\\/\\\/www.portalbr.us\\\/wp-content\\\/uploads\\\/2024\\\/05\\\/Prancheta-93.jpg\",\"https:\\\/\\\/www.portalbr.us\\\/wp-content\\\/uploads\\\/2024\\\/05\\\/Prancheta-94.jpg\",\"https:\\\/\\\/www.portalbr.us\\\/wp-content\\\/uploads\\\/2024\\\/05\\\/Prancheta-95.jpg\",\"https:\\\/\\\/www.portalbr.us\\\/wp-content\\\/uploads\\\/2024\\\/05\\\/Prancheta-96.jpg\",\"https:\\\/\\\/www.portalbr.us\\\/wp-content\\\/uploads\\\/2024\\\/05\\\/Prancheta-97.jpg\",\"https:\\\/\\\/www.portalbr.us\\\/wp-content\\\/uploads\\\/2024\\\/05\\\/Prancheta-98.jpg\",\"https:\\\/\\\/www.portalbr.us\\\/wp-content\\\/uploads\\\/2024\\\/05\\\/Prancheta-99.jpg\",\"https:\\\/\\\/www.portalbr.us\\\/wp-content\\\/uploads\\\/2024\\\/05\\\/Prancheta-100.jpg\",\"https:\\\/\\\/www.portalbr.us\\\/wp-content\\\/uploads\\\/2024\\\/05\\\/Prancheta-101.jpg\",\"https:\\\/\\\/www.portalbr.us\\\/wp-content\\\/uploads\\\/2024\\\/05\\\/Prancheta-102.jpg\",\"https:\\\/\\\/www.portalbr.us\\\/wp-content\\\/uploads\\\/2024\\\/05\\\/Prancheta-103.jpg\",\"https:\\\/\\\/www.portalbr.us\\\/wp-content\\\/uploads\\\/2024\\\/05\\\/Prancheta-104.jpg\",\"https:\\\/\\\/www.portalbr.us\\\/wp-content\\\/uploads\\\/2024\\\/05\\\/Prancheta-105.jpg\",\"https:\\\/\\\/www.portalbr.us\\\/wp-content\\\/uploads\\\/2024\\\/05\\\/Prancheta-106.jpg\",\"https:\\\/\\\/www.portalbr.us\\\/wp-content\\\/uploads\\\/2024\\\/05\\\/Prancheta-107.jpg\",\"https:\\\/\\\/www.portalbr.us\\\/wp-content\\\/uploads\\\/2024\\\/05\\\/Prancheta-108.jpg\",\"https:\\\/\\\/www.portalbr.us\\\/wp-content\\\/uploads\\\/2024\\\/05\\\/Prancheta-109.jpg\",\"https:\\\/\\\/www.portalbr.us\\\/wp-content\\\/uploads\\\/2024\\\/05\\\/Prancheta-110.jpg\",\"https:\\\/\\\/www.portalbr.us\\\/wp-content\\\/uploads\\\/2024\\\/05\\\/Prancheta-111.jpg\",\"https:\\\/\\\/www.portalbr.us\\\/wp-content\\\/uploads\\\/2024\\\/05\\\/Prancheta-112.jpg\",\"https:\\\/\\\/www.portalbr.us\\\/wp-content\\\/uploads\\\/2024\\\/05\\\/Prancheta-113.jpg\",\"https:\\\/\\\/www.portalbr.us\\\/wp-content\\\/uploads\\\/2024\\\/05\\\/Prancheta-114.jpg\",\"https:\\\/\\\/www.portalbr.us\\\/wp-content\\\/uploads\\\/2024\\\/05\\\/Prancheta-115.jpg\",\"https:\\\/\\\/www.portalbr.us\\\/wp-content\\\/uploads\\\/2024\\\/05\\\/Prancheta-116.jpg\",\"https:\\\/\\\/www.portalbr.us\\\/wp-content\\\/uploads\\\/2024\\\/05\\\/Prancheta-117.jpg\",\"https:\\\/\\\/www.portalbr.us\\\/wp-content\\\/uploads\\\/2024\\\/05\\\/Prancheta-118.jpg\",\"https:\\\/\\\/www.portalbr.us\\\/wp-content\\\/uploads\\\/2024\\\/05\\\/Prancheta-120.jpg\",\"https:\\\/\\\/www.portalbr.us\\\/wp-content\\\/uploads\\\/2024\\\/05\\\/Prancheta-120_1.jpg\",\"https:\\\/\\\/www.portalbr.us\\\/wp-content\\\/uploads\\\/2024\\\/05\\\/Prancheta-121.jpg\",\"https:\\\/\\\/www.portalbr.us\\\/wp-content\\\/uploads\\\/2024\\\/05\\\/Prancheta-122.jpg\",\"https:\\\/\\\/www.portalbr.us\\\/wp-content\\\/uploads\\\/2024\\\/05\\\/Prancheta-124.jpg\",\"https:\\\/\\\/www.portalbr.us\\\/wp-content\\\/uploads\\\/2024\\\/05\\\/Prancheta-125.jpg\",\"https:\\\/\\\/www.portalbr.us\\\/wp-content\\\/uploads\\\/2024\\\/05\\\/Prancheta-126.jpg\",\"https:\\\/\\\/www.portalbr.us\\\/wp-content\\\/uploads\\\/2024\\\/05\\\/Prancheta-127.jpg\",\"https:\\\/\\\/www.portalbr.us\\\/wp-content\\\/uploads\\\/2024\\\/05\\\/Prancheta-128.jpg\",\"https:\\\/\\\/www.portalbr.us\\\/wp-content\\\/uploads\\\/2024\\\/05\\\/Prancheta-129.jpg\",\"https:\\\/\\\/www.portalbr.us\\\/wp-content\\\/uploads\\\/2024\\\/05\\\/Prancheta-130.jpg\",\"https:\\\/\\\/www.portalbr.us\\\/wp-content\\\/uploads\\\/2024\\\/05\\\/Prancheta-131.jpg\",\"https:\\\/\\\/www.portalbr.us\\\/wp-content\\\/uploads\\\/2024\\\/05\\\/Prancheta-132.jpg\",\"https:\\\/\\\/www.portalbr.us\\\/wp-content\\\/uploads\\\/2024\\\/05\\\/Prancheta-133.jpg\",\"https:\\\/\\\/www.portalbr.us\\\/wp-content\\\/uploads\\\/2024\\\/05\\\/Prancheta-134.jpg\",\"https:\\\/\\\/www.portalbr.us\\\/wp-content\\\/uploads\\\/2024\\\/05\\\/Prancheta-135.jpg\",\"https:\\\/\\\/www.portalbr.us\\\/wp-content\\\/uploads\\\/2024\\\/05\\\/Prancheta-136.jpg\",\"https:\\\/\\\/www.portalbr.us\\\/wp-content\\\/uploads\\\/2024\\\/05\\\/Prancheta-137.jpg\",\"https:\\\/\\\/www.portalbr.us\\\/wp-content\\\/uploads\\\/2024\\\/05\\\/Prancheta-138.jpg\",\"https:\\\/\\\/www.portalbr.us\\\/wp-content\\\/uploads\\\/2024\\\/05\\\/Prancheta-139.jpg\",\"https:\\\/\\\/www.portalbr.us\\\/wp-content\\\/uploads\\\/2024\\\/05\\\/Prancheta-140.jpg\",\"https:\\\/\\\/www.portalbr.us\\\/wp-content\\\/uploads\\\/2024\\\/05\\\/Prancheta-141.jpg\",\"https:\\\/\\\/www.portalbr.us\\\/wp-content\\\/uploads\\\/2024\\\/05\\\/Prancheta-142.jpg\",\"https:\\\/\\\/www.portalbr.us\\\/wp-content\\\/uploads\\\/2024\\\/05\\\/Prancheta-143.jpg\",\"https:\\\/\\\/www.portalbr.us\\\/wp-content\\\/uploads\\\/2024\\\/05\\\/Prancheta-144.jpg\",\"https:\\\/\\\/www.portalbr.us\\\/wp-content\\\/uploads\\\/2024\\\/05\\\/Prancheta-145.jpg\",\"https:\\\/\\\/www.portalbr.us\\\/wp-content\\\/uploads\\\/2024\\\/05\\\/Prancheta-146.jpg\",\"https:\\\/\\\/www.portalbr.us\\\/wp-content\\\/uploads\\\/2024\\\/05\\\/Prancheta-147.jpg\",\"https:\\\/\\\/www.portalbr.us\\\/wp-content\\\/uploads\\\/2024\\\/05\\\/Prancheta-148.jpg\",\"https:\\\/\\\/www.portalbr.us\\\/wp-content\\\/uploads\\\/2024\\\/05\\\/Prancheta-149.jpg\",\"https:\\\/\\\/www.portalbr.us\\\/wp-content\\\/uploads\\\/2024\\\/05\\\/Prancheta-150.jpg\",\"https:\\\/\\\/www.portalbr.us\\\/wp-content\\\/uploads\\\/2024\\\/05\\\/Prancheta-151.jpg\",\"https:\\\/\\\/www.portalbr.us\\\/wp-content\\\/uploads\\\/2024\\\/05\\\/Prancheta-152.jpg\",\"https:\\\/\\\/www.portalbr.us\\\/wp-content\\\/uploads\\\/2024\\\/05\\\/Prancheta-153.jpg\",\"https:\\\/\\\/www.portalbr.us\\\/wp-content\\\/uploads\\\/2024\\\/05\\\/Prancheta-154.jpg\",\"https:\\\/\\\/www.portalbr.us\\\/wp-content\\\/uploads\\\/2024\\\/05\\\/Prancheta-155.jpg\",\"https:\\\/\\\/www.portalbr.us\\\/wp-content\\\/uploads\\\/2024\\\/05\\\/Prancheta-156.jpg\",\"https:\\\/\\\/www.portalbr.us\\\/wp-content\\\/uploads\\\/2024\\\/05\\\/Prancheta-157.jpg\"],\"wpOptions\":\"true\",\"links\":[[],[],[],[],[],[],[],[],[],[],[],[],[],[],[],[],[],[],[],[],[],[],[],[],[],[],[],[],[],[],[],[],[],[],[],[],[],[],[],[],[],[],[],[],[],[],[],[],[],[],[],[],[],[],[],[],[],[],[],[],[],[],[],[],[],[],[],[],[],[],[],[],[],[],[],[],[],[],[],[],[],[],[],[],[],[],[],[],[],[],[],[],[],[],[],[],[],[],[],[],[],[],[],[],[],[],[],[],[],[],[],[],[],[],[],[],[],[],[],[],[],[],[],[],[],[],[],[],[],[],[],[],[],[],[],[],[],[],[],[],[],[],[],[],[],[],[],[],[],[],[],[],[],[],[],[],[]]}; if(window.DFLIP && window.DFLIP.parseBooks){window.DFLIP.parseBooks();}<\/script>\t<\/div>\n\t\t\t\t\t\t<\/div>\n\t\t\t\t<\/div>\n\t\t\t\t<\/div>\n\t\t\t\t<\/div>\n\t\t","protected":false},"excerpt":{"rendered":"<p>Fatos hist\u00f3ricos A exposi\u00e7\u00e3o e o cat\u00e1logo &#8220;Encontros: Duzentos Anos de Amizade&#8221; marcam a celebra\u00e7\u00e3o do bicenten\u00e1rio das rela\u00e7\u00f5es diplom\u00e1ticas entre o Brasil e os Estados Unidos, um projeto desenvolvido em parceria entre o Itamaraty, a Amcham Brasil &#8211; C\u00e2mara Americana de Com\u00e9rcio no Brasil e a FAAP &#8211; Funda\u00e7\u00e3o Armando Alvares Penteado.\u00a0\u00a0 Navegue abaixo [&hellip;]<\/p>\n","protected":false},"author":3,"featured_media":0,"parent":0,"menu_order":0,"comment_status":"closed","ping_status":"closed","template":"","meta":{"_acf_changed":false,"footnotes":""},"class_list":["post-2412","page","type-page","status-publish","hentry"],"acf":[],"yoast_head":"<!-- This site is optimized with the Yoast SEO plugin v27.5 - https:\/\/yoast.com\/product\/yoast-seo-wordpress\/ -->\n<title>Fatos Hist\u00f3ricos - Amcham BR-US<\/title>\n<meta name=\"robots\" content=\"index, follow, max-snippet:-1, max-image-preview:large, max-video-preview:-1\" \/>\n<link rel=\"canonical\" href=\"https:\/\/www.portalbr.us\/en\/historical-facts\/\" \/>\n<meta property=\"og:locale\" content=\"en_US\" \/>\n<meta property=\"og:type\" content=\"article\" \/>\n<meta property=\"og:title\" content=\"Fatos Hist\u00f3ricos - Amcham BR-US\" \/>\n<meta property=\"og:description\" content=\"Fatos hist\u00f3ricos A exposi\u00e7\u00e3o e o cat\u00e1logo &#8220;Encontros: Duzentos Anos de Amizade&#8221; marcam a celebra\u00e7\u00e3o do bicenten\u00e1rio das rela\u00e7\u00f5es diplom\u00e1ticas entre o Brasil e os Estados Unidos, um projeto desenvolvido em parceria entre o Itamaraty, a Amcham Brasil &#8211; C\u00e2mara Americana de Com\u00e9rcio no Brasil e a FAAP &#8211; Funda\u00e7\u00e3o Armando Alvares Penteado.\u00a0\u00a0 Navegue abaixo [&hellip;]\" \/>\n<meta property=\"og:url\" content=\"https:\/\/www.portalbr.us\/en\/historical-facts\/\" \/>\n<meta property=\"og:site_name\" content=\"Amcham BR-US\" \/>\n<meta property=\"article:modified_time\" content=\"2024-10-11T18:18:53+00:00\" \/>\n<meta name=\"twitter:card\" content=\"summary_large_image\" \/>\n<meta name=\"twitter:label1\" content=\"Est. reading time\" \/>\n\t<meta name=\"twitter:data1\" content=\"1 minute\" \/>\n<script type=\"application\/ld+json\" class=\"yoast-schema-graph\">{\"@context\":\"https:\\\/\\\/schema.org\",\"@graph\":[{\"@type\":\"WebPage\",\"@id\":\"https:\\\/\\\/www.portalbr.us\\\/fatos-historicos\\\/\",\"url\":\"https:\\\/\\\/www.portalbr.us\\\/fatos-historicos\\\/\",\"name\":\"Fatos Hist\u00f3ricos - Amcham BR-US\",\"isPartOf\":{\"@id\":\"https:\\\/\\\/www.portalbr.us\\\/#website\"},\"datePublished\":\"2024-05-15T14:48:24+00:00\",\"dateModified\":\"2024-10-11T18:18:53+00:00\",\"breadcrumb\":{\"@id\":\"https:\\\/\\\/www.portalbr.us\\\/fatos-historicos\\\/#breadcrumb\"},\"inLanguage\":\"en-US\",\"potentialAction\":[{\"@type\":\"ReadAction\",\"target\":[\"https:\\\/\\\/www.portalbr.us\\\/fatos-historicos\\\/\"]}]},{\"@type\":\"BreadcrumbList\",\"@id\":\"https:\\\/\\\/www.portalbr.us\\\/fatos-historicos\\\/#breadcrumb\",\"itemListElement\":[{\"@type\":\"ListItem\",\"position\":1,\"name\":\"Home\",\"item\":\"https:\\\/\\\/www.portalbr.us\\\/\"},{\"@type\":\"ListItem\",\"position\":2,\"name\":\"Fatos Hist\u00f3ricos\"}]},{\"@type\":\"WebSite\",\"@id\":\"https:\\\/\\\/www.portalbr.us\\\/#website\",\"url\":\"https:\\\/\\\/www.portalbr.us\\\/\",\"name\":\"Amcham BR-US\",\"description\":\"\",\"potentialAction\":[{\"@type\":\"SearchAction\",\"target\":{\"@type\":\"EntryPoint\",\"urlTemplate\":\"https:\\\/\\\/www.portalbr.us\\\/?s={search_term_string}\"},\"query-input\":{\"@type\":\"PropertyValueSpecification\",\"valueRequired\":true,\"valueName\":\"search_term_string\"}}],\"inLanguage\":\"en-US\"}]}<\/script>\n<!-- \/ Yoast SEO plugin. -->","yoast_head_json":{"title":"Historical Facts - Amcham BR-US","robots":{"index":"index","follow":"follow","max-snippet":"max-snippet:-1","max-image-preview":"max-image-preview:large","max-video-preview":"max-video-preview:-1"},"canonical":"https:\/\/www.portalbr.us\/en\/historical-facts\/","og_locale":"en_US","og_type":"article","og_title":"Fatos Hist\u00f3ricos - Amcham BR-US","og_description":"Fatos hist\u00f3ricos A exposi\u00e7\u00e3o e o cat\u00e1logo &#8220;Encontros: Duzentos Anos de Amizade&#8221; marcam a celebra\u00e7\u00e3o do bicenten\u00e1rio das rela\u00e7\u00f5es diplom\u00e1ticas entre o Brasil e os Estados Unidos, um projeto desenvolvido em parceria entre o Itamaraty, a Amcham Brasil &#8211; C\u00e2mara Americana de Com\u00e9rcio no Brasil e a FAAP &#8211; Funda\u00e7\u00e3o Armando Alvares Penteado.\u00a0\u00a0 Navegue abaixo [&hellip;]","og_url":"https:\/\/www.portalbr.us\/en\/historical-facts\/","og_site_name":"Amcham BR-US","article_modified_time":"2024-10-11T18:18:53+00:00","twitter_card":"summary_large_image","twitter_misc":{"Est. reading time":"1 minute"},"schema":{"@context":"https:\/\/schema.org","@graph":[{"@type":"WebPage","@id":"https:\/\/www.portalbr.us\/fatos-historicos\/","url":"https:\/\/www.portalbr.us\/fatos-historicos\/","name":"Historical Facts - Amcham BR-US","isPartOf":{"@id":"https:\/\/www.portalbr.us\/#website"},"datePublished":"2024-05-15T14:48:24+00:00","dateModified":"2024-10-11T18:18:53+00:00","breadcrumb":{"@id":"https:\/\/www.portalbr.us\/fatos-historicos\/#breadcrumb"},"inLanguage":"en-US","potentialAction":[{"@type":"ReadAction","target":["https:\/\/www.portalbr.us\/fatos-historicos\/"]}]},{"@type":"BreadcrumbList","@id":"https:\/\/www.portalbr.us\/fatos-historicos\/#breadcrumb","itemListElement":[{"@type":"ListItem","position":1,"name":"Home","item":"https:\/\/www.portalbr.us\/"},{"@type":"ListItem","position":2,"name":"Fatos Hist\u00f3ricos"}]},{"@type":"WebSite","@id":"https:\/\/www.portalbr.us\/#website","url":"https:\/\/www.portalbr.us\/","name":"Amcham BR-US","description":"","potentialAction":[{"@type":"SearchAction","target":{"@type":"EntryPoint","urlTemplate":"https:\/\/www.portalbr.us\/?s={search_term_string}"},"query-input":{"@type":"PropertyValueSpecification","valueRequired":true,"valueName":"search_term_string"}}],"inLanguage":"en-US"}]}},"publishpress_future_action":{"enabled":false,"date":"2026-05-08 05:40:04","action":"change-status","newStatus":"draft","terms":[],"taxonomy":"","extraData":[]},"publishpress_future_workflow_manual_trigger":{"enabledWorkflows":[]},"_links":{"self":[{"href":"https:\/\/www.portalbr.us\/en\/wp-json\/wp\/v2\/pages\/2412","targetHints":{"allow":["GET"]}}],"collection":[{"href":"https:\/\/www.portalbr.us\/en\/wp-json\/wp\/v2\/pages"}],"about":[{"href":"https:\/\/www.portalbr.us\/en\/wp-json\/wp\/v2\/types\/page"}],"author":[{"embeddable":true,"href":"https:\/\/www.portalbr.us\/en\/wp-json\/wp\/v2\/users\/3"}],"replies":[{"embeddable":true,"href":"https:\/\/www.portalbr.us\/en\/wp-json\/wp\/v2\/comments?post=2412"}],"version-history":[{"count":22,"href":"https:\/\/www.portalbr.us\/en\/wp-json\/wp\/v2\/pages\/2412\/revisions"}],"predecessor-version":[{"id":3383,"href":"https:\/\/www.portalbr.us\/en\/wp-json\/wp\/v2\/pages\/2412\/revisions\/3383"}],"wp:attachment":[{"href":"https:\/\/www.portalbr.us\/en\/wp-json\/wp\/v2\/media?parent=2412"}],"curies":[{"name":"wp","href":"https:\/\/api.w.org\/{rel}","templated":true}]}}