{"id":159,"date":"2024-04-10T14:20:26","date_gmt":"2024-04-10T17:20:26","guid":{"rendered":"https:\/\/br-us.amcham.com.br\/?page_id=159"},"modified":"2024-05-20T13:46:52","modified_gmt":"2024-05-20T16:46:52","slug":"cases","status":"publish","type":"page","link":"https:\/\/www.portalbr.us\/en\/cases\/","title":{"rendered":"Cases"},"content":{"rendered":"\t\t<div data-elementor-type=\"wp-page\" data-elementor-id=\"159\" class=\"elementor elementor-159\" data-elementor-post-type=\"page\">\n\t\t\t\t<div class=\"elementor-element elementor-element-10ed6ab e-flex e-con-boxed e-con e-parent\" data-id=\"10ed6ab\" data-element_type=\"container\" data-e-type=\"container\" data-settings=\"{&quot;background_background&quot;:&quot;classic&quot;}\">\n\t\t\t\t\t<div class=\"e-con-inner\">\n\t\t\t\t<div class=\"elementor-element elementor-element-54cd4ca elementor-widget elementor-widget-heading\" data-id=\"54cd4ca\" data-element_type=\"widget\" data-e-type=\"widget\" data-widget_type=\"heading.default\">\n\t\t\t\t<div class=\"elementor-widget-container\">\n\t\t\t\t\t<h1 class=\"elementor-heading-title elementor-size-default\">Cases<\/h1>\t\t\t\t<\/div>\n\t\t\t\t<\/div>\n\t\t\t\t\t<\/div>\n\t\t\t\t<\/div>\n\t\t<div class=\"elementor-element elementor-element-efa2e8b e-flex e-con-boxed e-con e-parent\" data-id=\"efa2e8b\" data-element_type=\"container\" data-e-type=\"container\">\n\t\t\t\t\t<div class=\"e-con-inner\">\n\t\t\t\t<div class=\"elementor-element elementor-element-4edb212 elementor-widget elementor-widget-text-editor\" data-id=\"4edb212\" data-element_type=\"widget\" data-e-type=\"widget\" data-widget_type=\"text-editor.default\">\n\t\t\t\t<div class=\"elementor-widget-container\">\n\t\t\t\t\t\t\t\t\t<p>Conhe\u00e7a algumas empresas que s\u00e3o destaques na Rela\u00e7\u00e3o Brasil-Estados Unidos, e est\u00e3o na Amcham patrocinando e apoiando di\u00e1logos e avan\u00e7os bilaterais:<\/p>\t\t\t\t\t\t\t\t<\/div>\n\t\t\t\t<\/div>\n\t\t<div class=\"elementor-element elementor-element-c6fd219 e-con-full e-flex e-con e-child\" data-id=\"c6fd219\" data-element_type=\"container\" data-e-type=\"container\">\n\t\t\t\t<div class=\"elementor-element elementor-element-bf3d53d elementor-widget__width-inherit elementor-grid-3 elementor-grid-tablet-2 elementor-grid-mobile-1 elementor-widget elementor-widget-loop-grid\" data-id=\"bf3d53d\" data-element_type=\"widget\" data-e-type=\"widget\" data-settings=\"{&quot;template_id&quot;:&quot;304&quot;,&quot;_skin&quot;:&quot;post&quot;,&quot;columns&quot;:&quot;3&quot;,&quot;columns_tablet&quot;:&quot;2&quot;,&quot;columns_mobile&quot;:&quot;1&quot;,&quot;edit_handle_selector&quot;:&quot;[data-elementor-type=\\&quot;loop-item\\&quot;]&quot;,&quot;row_gap&quot;:{&quot;unit&quot;:&quot;px&quot;,&quot;size&quot;:&quot;&quot;,&quot;sizes&quot;:[]},&quot;row_gap_tablet&quot;:{&quot;unit&quot;:&quot;px&quot;,&quot;size&quot;:&quot;&quot;,&quot;sizes&quot;:[]},&quot;row_gap_mobile&quot;:{&quot;unit&quot;:&quot;px&quot;,&quot;size&quot;:&quot;&quot;,&quot;sizes&quot;:[]}}\" data-widget_type=\"loop-grid.post\">\n\t\t\t\t<div class=\"elementor-widget-container\">\n\t\t\t\t\t\t\t<div class=\"elementor-loop-container elementor-grid\" role=\"list\">\n\t\t<style id=\"loop-304\">.elementor-304 .elementor-element.elementor-element-84a0e35{--display:flex;--min-height:0px;--flex-direction:row;--container-widget-width:calc( ( 1 - var( --container-widget-flex-grow ) ) * 100% );--container-widget-height:100%;--container-widget-flex-grow:1;--container-widget-align-self:stretch;--flex-wrap-mobile:wrap;--justify-content:center;--align-items:center;--border-radius:20px 20px 20px 20px;--margin-top:0px;--margin-bottom:0px;--margin-left:0px;--margin-right:0px;--padding-top:0em;--padding-bottom:0em;--padding-left:0em;--padding-right:0em;}.elementor-widget-image .widget-image-caption{font-family:var( --e-global-typography-text-font-family ), Sans-serif;font-weight:var( --e-global-typography-text-font-weight );}.elementor-304 .elementor-element.elementor-element-44800e4{text-align:center;width:100%;max-width:100%;}.elementor-304 .elementor-element.elementor-element-44800e4 > .elementor-widget-container{margin:0px 0px 0px 0px;padding:0px 0px 0px 0px;}<\/style>\t\t<div data-elementor-type=\"loop-item\" data-elementor-id=\"304\" class=\"elementor elementor-304 e-loop-item e-loop-item-214 post-214 case type-case status-publish hentry categoria-cases-publicados\" data-elementor-post-type=\"elementor_library\" data-custom-edit-handle=\"1\">\n\t\t\t<a class=\"elementor-element elementor-element-84a0e35 e-con-full box-metric e-flex e-con e-parent\" data-id=\"84a0e35\" data-element_type=\"container\" data-e-type=\"container\">\n\t\t\t\t<div class=\"elementor-element elementor-element-44800e4 elementor-widget__width-inherit elementor-widget elementor-widget-image\" data-id=\"44800e4\" data-element_type=\"widget\" data-e-type=\"widget\" data-widget_type=\"image.default\">\n\t\t\t\t<div class=\"elementor-widget-container\">\n\t\t\t\t\t\t\t\t\t\t\t\t\t\t\t\t<a href=\"https:\/\/www.portalbr.us\/en\/case\/aws\/\">\n\t\t\t\t\t\t\t<img decoding=\"async\" width=\"251\" height=\"64\" src=\"https:\/\/www.portalbr.us\/wp-content\/uploads\/2024\/04\/aws-v2.png\" class=\"attachment-full size-full wp-image-1478\" alt=\"\" \/>\t\t\t\t\t\t\t\t<\/a>\n\t\t\t\t\t\t\t\t\t\t\t\t\t\t\t<\/div>\n\t\t\t\t<\/div>\n\t\t\t\t<\/a>\n\t\t\t\t<\/div>\n\t\t\t\t<div data-elementor-type=\"loop-item\" data-elementor-id=\"304\" class=\"elementor elementor-304 e-loop-item e-loop-item-230 post-230 case type-case status-publish hentry categoria-cases-publicados\" data-elementor-post-type=\"elementor_library\" data-custom-edit-handle=\"1\">\n\t\t\t<a class=\"elementor-element elementor-element-84a0e35 e-con-full box-metric e-flex e-con e-parent\" data-id=\"84a0e35\" data-element_type=\"container\" data-e-type=\"container\">\n\t\t\t\t<div class=\"elementor-element elementor-element-44800e4 elementor-widget__width-inherit elementor-widget elementor-widget-image\" data-id=\"44800e4\" data-element_type=\"widget\" data-e-type=\"widget\" data-widget_type=\"image.default\">\n\t\t\t\t<div class=\"elementor-widget-container\">\n\t\t\t\t\t\t\t\t\t\t\t\t\t\t\t\t<a href=\"https:\/\/www.portalbr.us\/en\/case\/citi\/\">\n\t\t\t\t\t\t\t<img decoding=\"async\" width=\"251\" height=\"64\" src=\"https:\/\/www.portalbr.us\/wp-content\/uploads\/2024\/04\/citi-v2.png\" class=\"attachment-full size-full wp-image-1469\" alt=\"\" \/>\t\t\t\t\t\t\t\t<\/a>\n\t\t\t\t\t\t\t\t\t\t\t\t\t\t\t<\/div>\n\t\t\t\t<\/div>\n\t\t\t\t<\/a>\n\t\t\t\t<\/div>\n\t\t\t\t<div data-elementor-type=\"loop-item\" data-elementor-id=\"304\" class=\"elementor elementor-304 e-loop-item e-loop-item-1419 post-1419 case type-case status-publish hentry categoria-cases-publicados categoria-categoria-01\" data-elementor-post-type=\"elementor_library\" data-custom-edit-handle=\"1\">\n\t\t\t<a class=\"elementor-element elementor-element-84a0e35 e-con-full box-metric e-flex e-con e-parent\" data-id=\"84a0e35\" data-element_type=\"container\" data-e-type=\"container\">\n\t\t\t\t<div class=\"elementor-element elementor-element-44800e4 elementor-widget__width-inherit elementor-widget elementor-widget-image\" data-id=\"44800e4\" data-element_type=\"widget\" data-e-type=\"widget\" data-widget_type=\"image.default\">\n\t\t\t\t<div class=\"elementor-widget-container\">\n\t\t\t\t\t\t\t\t\t\t\t\t\t\t\t\t<a href=\"https:\/\/www.portalbr.us\/en\/case\/kpmg\/\">\n\t\t\t\t\t\t\t<img decoding=\"async\" width=\"251\" height=\"64\" src=\"https:\/\/www.portalbr.us\/wp-content\/uploads\/2024\/04\/kpmg-v2.png\" class=\"attachment-full size-full wp-image-1474\" alt=\"\" \/>\t\t\t\t\t\t\t\t<\/a>\n\t\t\t\t\t\t\t\t\t\t\t\t\t\t\t<\/div>\n\t\t\t\t<\/div>\n\t\t\t\t<\/a>\n\t\t\t\t<\/div>\n\t\t\t\t<div data-elementor-type=\"loop-item\" data-elementor-id=\"304\" class=\"elementor elementor-304 e-loop-item e-loop-item-1429 post-1429 case type-case status-publish hentry categoria-cases-publicados\" data-elementor-post-type=\"elementor_library\" data-custom-edit-handle=\"1\">\n\t\t\t<a class=\"elementor-element elementor-element-84a0e35 e-con-full box-metric e-flex e-con e-parent\" data-id=\"84a0e35\" data-element_type=\"container\" data-e-type=\"container\">\n\t\t\t\t<div class=\"elementor-element elementor-element-44800e4 elementor-widget__width-inherit elementor-widget elementor-widget-image\" data-id=\"44800e4\" data-element_type=\"widget\" data-e-type=\"widget\" data-widget_type=\"image.default\">\n\t\t\t\t<div class=\"elementor-widget-container\">\n\t\t\t\t\t\t\t\t\t\t\t\t\t\t\t\t<a href=\"https:\/\/www.portalbr.us\/en\/case\/votorantim\/\">\n\t\t\t\t\t\t\t<img loading=\"lazy\" decoding=\"async\" width=\"251\" height=\"64\" src=\"https:\/\/www.portalbr.us\/wp-content\/uploads\/2024\/04\/votorantim-v2.png\" class=\"attachment-full size-full wp-image-1472\" alt=\"\" \/>\t\t\t\t\t\t\t\t<\/a>\n\t\t\t\t\t\t\t\t\t\t\t\t\t\t\t<\/div>\n\t\t\t\t<\/div>\n\t\t\t\t<\/a>\n\t\t\t\t<\/div>\n\t\t\t\t<div data-elementor-type=\"loop-item\" data-elementor-id=\"304\" class=\"elementor elementor-304 e-loop-item e-loop-item-1434 post-1434 case type-case status-publish hentry categoria-cases-publicados categoria-categoria-01\" data-elementor-post-type=\"elementor_library\" data-custom-edit-handle=\"1\">\n\t\t\t<a class=\"elementor-element elementor-element-84a0e35 e-con-full box-metric e-flex e-con e-parent\" data-id=\"84a0e35\" data-element_type=\"container\" data-e-type=\"container\">\n\t\t\t\t<div class=\"elementor-element elementor-element-44800e4 elementor-widget__width-inherit elementor-widget elementor-widget-image\" data-id=\"44800e4\" data-element_type=\"widget\" data-e-type=\"widget\" data-widget_type=\"image.default\">\n\t\t\t\t<div class=\"elementor-widget-container\">\n\t\t\t\t\t\t\t\t\t\t\t\t\t\t\t\t<a href=\"https:\/\/www.portalbr.us\/en\/case\/whirlpool\/\">\n\t\t\t\t\t\t\t<img loading=\"lazy\" decoding=\"async\" width=\"251\" height=\"64\" src=\"https:\/\/www.portalbr.us\/wp-content\/uploads\/2024\/04\/whirlpool-v2.png\" class=\"attachment-full size-full wp-image-1471\" alt=\"\" \/>\t\t\t\t\t\t\t\t<\/a>\n\t\t\t\t\t\t\t\t\t\t\t\t\t\t\t<\/div>\n\t\t\t\t<\/div>\n\t\t\t\t<\/a>\n\t\t\t\t<\/div>\n\t\t\t\t<\/div>\n\t\t\n\t\t\t\t\t\t<\/div>\n\t\t\t\t<\/div>\n\t\t\t\t<\/div>\n\t\t\t\t\t<\/div>\n\t\t\t\t<\/div>\n\t\t\t\t<\/div>\n\t\t","protected":false},"excerpt":{"rendered":"<p>Cases Get to know some companies that are prominent in the Brazil-United States Relationship, and are at Amcham sponsoring and supporting bilateral dialogues and advances:<\/p>","protected":false},"author":3,"featured_media":0,"parent":0,"menu_order":0,"comment_status":"closed","ping_status":"closed","template":"","meta":{"_acf_changed":false,"footnotes":""},"class_list":["post-159","page","type-page","status-publish","hentry"],"acf":[],"yoast_head":"<!-- This site is optimized with the Yoast SEO plugin v27.5 - https:\/\/yoast.com\/product\/yoast-seo-wordpress\/ -->\n<title>Cases - Amcham BR-US<\/title>\n<meta name=\"robots\" content=\"index, follow, max-snippet:-1, max-image-preview:large, max-video-preview:-1\" \/>\n<link rel=\"canonical\" href=\"https:\/\/www.portalbr.us\/en\/cases\/\" \/>\n<meta property=\"og:locale\" content=\"en_US\" \/>\n<meta property=\"og:type\" content=\"article\" \/>\n<meta property=\"og:title\" content=\"Cases - Amcham BR-US\" \/>\n<meta property=\"og:description\" content=\"Cases Conhe\u00e7a algumas empresas que s\u00e3o destaques na Rela\u00e7\u00e3o Brasil-Estados Unidos, e est\u00e3o na Amcham patrocinando e apoiando di\u00e1logos e avan\u00e7os bilaterais:\" \/>\n<meta property=\"og:url\" content=\"https:\/\/www.portalbr.us\/en\/cases\/\" \/>\n<meta property=\"og:site_name\" content=\"Amcham BR-US\" \/>\n<meta property=\"article:modified_time\" content=\"2024-05-20T16:46:52+00:00\" \/>\n<meta name=\"twitter:card\" content=\"summary_large_image\" \/>\n<meta name=\"twitter:label1\" content=\"Est. reading time\" \/>\n\t<meta name=\"twitter:data1\" content=\"1 minute\" \/>\n<script type=\"application\/ld+json\" class=\"yoast-schema-graph\">{\"@context\":\"https:\\\/\\\/schema.org\",\"@graph\":[{\"@type\":\"WebPage\",\"@id\":\"https:\\\/\\\/www.portalbr.us\\\/cases\\\/\",\"url\":\"https:\\\/\\\/www.portalbr.us\\\/cases\\\/\",\"name\":\"Cases - Amcham BR-US\",\"isPartOf\":{\"@id\":\"https:\\\/\\\/www.portalbr.us\\\/#website\"},\"datePublished\":\"2024-04-10T17:20:26+00:00\",\"dateModified\":\"2024-05-20T16:46:52+00:00\",\"breadcrumb\":{\"@id\":\"https:\\\/\\\/www.portalbr.us\\\/cases\\\/#breadcrumb\"},\"inLanguage\":\"en-US\",\"potentialAction\":[{\"@type\":\"ReadAction\",\"target\":[\"https:\\\/\\\/www.portalbr.us\\\/cases\\\/\"]}]},{\"@type\":\"BreadcrumbList\",\"@id\":\"https:\\\/\\\/www.portalbr.us\\\/cases\\\/#breadcrumb\",\"itemListElement\":[{\"@type\":\"ListItem\",\"position\":1,\"name\":\"Home\",\"item\":\"https:\\\/\\\/www.portalbr.us\\\/\"},{\"@type\":\"ListItem\",\"position\":2,\"name\":\"Cases\"}]},{\"@type\":\"WebSite\",\"@id\":\"https:\\\/\\\/www.portalbr.us\\\/#website\",\"url\":\"https:\\\/\\\/www.portalbr.us\\\/\",\"name\":\"Amcham BR-US\",\"description\":\"\",\"potentialAction\":[{\"@type\":\"SearchAction\",\"target\":{\"@type\":\"EntryPoint\",\"urlTemplate\":\"https:\\\/\\\/www.portalbr.us\\\/?s={search_term_string}\"},\"query-input\":{\"@type\":\"PropertyValueSpecification\",\"valueRequired\":true,\"valueName\":\"search_term_string\"}}],\"inLanguage\":\"en-US\"}]}<\/script>\n<!-- \/ Yoast SEO plugin. -->","yoast_head_json":{"title":"Cases - Amcham BR-US","robots":{"index":"index","follow":"follow","max-snippet":"max-snippet:-1","max-image-preview":"max-image-preview:large","max-video-preview":"max-video-preview:-1"},"canonical":"https:\/\/www.portalbr.us\/en\/cases\/","og_locale":"en_US","og_type":"article","og_title":"Cases - Amcham BR-US","og_description":"Cases Conhe\u00e7a algumas empresas que s\u00e3o destaques na Rela\u00e7\u00e3o Brasil-Estados Unidos, e est\u00e3o na Amcham patrocinando e apoiando di\u00e1logos e avan\u00e7os bilaterais:","og_url":"https:\/\/www.portalbr.us\/en\/cases\/","og_site_name":"Amcham BR-US","article_modified_time":"2024-05-20T16:46:52+00:00","twitter_card":"summary_large_image","twitter_misc":{"Est. reading time":"1 minute"},"schema":{"@context":"https:\/\/schema.org","@graph":[{"@type":"WebPage","@id":"https:\/\/www.portalbr.us\/cases\/","url":"https:\/\/www.portalbr.us\/cases\/","name":"Cases - Amcham BR-US","isPartOf":{"@id":"https:\/\/www.portalbr.us\/#website"},"datePublished":"2024-04-10T17:20:26+00:00","dateModified":"2024-05-20T16:46:52+00:00","breadcrumb":{"@id":"https:\/\/www.portalbr.us\/cases\/#breadcrumb"},"inLanguage":"en-US","potentialAction":[{"@type":"ReadAction","target":["https:\/\/www.portalbr.us\/cases\/"]}]},{"@type":"BreadcrumbList","@id":"https:\/\/www.portalbr.us\/cases\/#breadcrumb","itemListElement":[{"@type":"ListItem","position":1,"name":"Home","item":"https:\/\/www.portalbr.us\/"},{"@type":"ListItem","position":2,"name":"Cases"}]},{"@type":"WebSite","@id":"https:\/\/www.portalbr.us\/#website","url":"https:\/\/www.portalbr.us\/","name":"Amcham BR-US","description":"","potentialAction":[{"@type":"SearchAction","target":{"@type":"EntryPoint","urlTemplate":"https:\/\/www.portalbr.us\/?s={search_term_string}"},"query-input":{"@type":"PropertyValueSpecification","valueRequired":true,"valueName":"search_term_string"}}],"inLanguage":"en-US"}]}},"publishpress_future_action":{"enabled":false,"date":"2026-05-05 23:25:27","action":"change-status","newStatus":"draft","terms":[],"taxonomy":"","extraData":[]},"publishpress_future_workflow_manual_trigger":{"enabledWorkflows":[]},"_links":{"self":[{"href":"https:\/\/www.portalbr.us\/en\/wp-json\/wp\/v2\/pages\/159","targetHints":{"allow":["GET"]}}],"collection":[{"href":"https:\/\/www.portalbr.us\/en\/wp-json\/wp\/v2\/pages"}],"about":[{"href":"https:\/\/www.portalbr.us\/en\/wp-json\/wp\/v2\/types\/page"}],"author":[{"embeddable":true,"href":"https:\/\/www.portalbr.us\/en\/wp-json\/wp\/v2\/users\/3"}],"replies":[{"embeddable":true,"href":"https:\/\/www.portalbr.us\/en\/wp-json\/wp\/v2\/comments?post=159"}],"version-history":[{"count":58,"href":"https:\/\/www.portalbr.us\/en\/wp-json\/wp\/v2\/pages\/159\/revisions"}],"predecessor-version":[{"id":2912,"href":"https:\/\/www.portalbr.us\/en\/wp-json\/wp\/v2\/pages\/159\/revisions\/2912"}],"wp:attachment":[{"href":"https:\/\/www.portalbr.us\/en\/wp-json\/wp\/v2\/media?parent=159"}],"curies":[{"name":"wp","href":"https:\/\/api.w.org\/{rel}","templated":true}]}}